{"id":7,"date":"2025-01-13T21:16:08","date_gmt":"2025-01-13T20:16:08","guid":{"rendered":"https:\/\/lecactusdebarnabe.com\/?page_id=7"},"modified":"2026-03-15T12:21:56","modified_gmt":"2026-03-15T11:21:56","slug":"le-nouveau-e-mucem-ouvre-ses-portes-2","status":"publish","type":"page","link":"https:\/\/lecactusdebarnabe.com\/","title":{"rendered":"LE CACTUS DE BARNAB\u0112"},"content":{"rendered":"\n<div class=\"wp-block-group alignwide\"><div class=\"wp-block-group__inner-container is-layout-flow wp-block-group-is-layout-flow\">\n<h3 class=\"wp-block-heading has-text-align-center has-text-color has-link-color wp-elements-9fed85f455dc2204eeba2c2dc7948600\" style=\"color:#e84430\">La premi\u00e8re boutique exclusivement d\u00e9di\u00e9e au sans-alcool \u00e0 Strasbourg et dans le Grand Est \ud83c\udf78<\/h3>\n<\/div><\/div>\n\n\n\n<figure class=\"wp-block-image alignfull size-full\"><img loading=\"lazy\" decoding=\"async\" width=\"1600\" height=\"900\" src=\"https:\/\/lecactusdebarnabe.com\/wp-content\/uploads\/2025\/01\/Full.png\" alt=\"\" class=\"wp-image-49\" srcset=\"https:\/\/lecactusdebarnabe.com\/wp-content\/uploads\/2025\/01\/Full.png 1600w, https:\/\/lecactusdebarnabe.com\/wp-content\/uploads\/2025\/01\/Full-300x169.png 300w, https:\/\/lecactusdebarnabe.com\/wp-content\/uploads\/2025\/01\/Full-1024x576.png 1024w, https:\/\/lecactusdebarnabe.com\/wp-content\/uploads\/2025\/01\/Full-768x432.png 768w, https:\/\/lecactusdebarnabe.com\/wp-content\/uploads\/2025\/01\/Full-1536x864.png 1536w, https:\/\/lecactusdebarnabe.com\/wp-content\/uploads\/2025\/01\/Full-1200x675.png 1200w\" sizes=\"auto, (max-width: 1600px) 100vw, 1600px\" \/><\/figure>\n\n\n\n<p><\/p>\n","protected":false},"excerpt":{"rendered":"<p>La premi\u00e8re boutique exclusivement d\u00e9di\u00e9e au sans-alcool \u00e0 Strasbourg et dans le Grand Est \ud83c\udf78<\/p>\n","protected":false},"author":1,"featured_media":0,"parent":0,"menu_order":0,"comment_status":"closed","ping_status":"closed","template":"","meta":{"footnotes":""},"class_list":["post-7","page","type-page","status-publish","hentry"],"_links":{"self":[{"href":"https:\/\/lecactusdebarnabe.com\/index.php\/wp-json\/wp\/v2\/pages\/7","targetHints":{"allow":["GET"]}}],"collection":[{"href":"https:\/\/lecactusdebarnabe.com\/index.php\/wp-json\/wp\/v2\/pages"}],"about":[{"href":"https:\/\/lecactusdebarnabe.com\/index.php\/wp-json\/wp\/v2\/types\/page"}],"author":[{"embeddable":true,"href":"https:\/\/lecactusdebarnabe.com\/index.php\/wp-json\/wp\/v2\/users\/1"}],"replies":[{"embeddable":true,"href":"https:\/\/lecactusdebarnabe.com\/index.php\/wp-json\/wp\/v2\/comments?post=7"}],"version-history":[{"count":16,"href":"https:\/\/lecactusdebarnabe.com\/index.php\/wp-json\/wp\/v2\/pages\/7\/revisions"}],"predecessor-version":[{"id":70,"href":"https:\/\/lecactusdebarnabe.com\/index.php\/wp-json\/wp\/v2\/pages\/7\/revisions\/70"}],"wp:attachment":[{"href":"https:\/\/lecactusdebarnabe.com\/index.php\/wp-json\/wp\/v2\/media?parent=7"}],"curies":[{"name":"wp","href":"https:\/\/api.w.org\/{rel}","templated":true}]}}